{"id":1986,"date":"2025-02-26T14:55:08","date_gmt":"2025-02-26T14:55:08","guid":{"rendered":"https:\/\/edenisme.nl\/blog\/?page_id=1986"},"modified":"2025-03-01T10:43:23","modified_gmt":"2025-03-01T10:43:23","slug":"agapee-dtt","status":"publish","type":"page","link":"https:\/\/edenisme.nl\/blog\/agapee-dtt\/","title":{"rendered":"Agapee Valuta"},"content":{"rendered":"\n<h2 class=\"wp-block-heading\">AGAPEE is de naam van het \u2018betaal\u2019middel of \u2018valuta\u2019 in het Edenisme: de Agapee of ProDeo \u2018munt\u2019. De Agapee is geen fysieke munt maar de liefde in de mens omgezet in DTT                             (Delen van Tijd en Talent). <\/h2>\n\n\n\n<h2 class=\"wp-block-heading\">Pro Deo DTTen brengt in harmonie met medemens en het ecologisch systeem gezonde en harmonieuze welvaart, geluk en welzijn voor mens en natuur. Mogelijk gemaakt door mens en natuur. Agape + Mens + Natuur is al wat nodig is om van onze wereld een paradijs te maken.<strong> Geld, het belangrijkste in de Rupstijdperk, is onkruid in deze. Liefde is de Bloem. De Bloem die in Edenisme eindelijk alle zorg en aandacht krijgt die zij verdiend.<\/strong><\/h2>\n\n\n\n<h2 class=\"wp-block-heading\"><strong><em>Agapee<\/em><\/strong> is als de onbeschrijfbare en onmeetbare liefde van trotse ouders voor hun (klein)kinderen. Ouders die uit en in liefde het beste voor hun kinderen willen doen en laten. Agape is deze zelfde schone liefdesbron gericht naar medemens, samenleving en natuur.<\/h2>\n\n\n<h3><strong>Hoeveel liefde is er in jou?<\/strong> Zo rijk ben je dan. De liefde in jou is jouw <strong><em>PorteAmor waarmee jij &#8216;betaalt&#8217; in Edenisme.<\/em><\/strong>\u00a0Hoeveel oneindig en onmeetbaar veel liefde, Agape, (DTT), is er in een mens? Hoeveel en oneindig veel liefde is er in de mensheid? Hoe rijk zijn wij dan met zijn allen? Als wij gaan beseffen en de liefde in de mens als het goud, de kostbaarste energie, het meest waardevolle op aarde gaan zien en deze oneindige bron in de mens gaan aanboren, ontginnen en cultiveren.<\/h3>\n<table width=\"100%\">\n<tbody>\n<tr>\n<td>\n<p><strong>(Wikipedia) Agape<\/strong>,\u00a0<a href=\"https:\/\/nl.wikipedia.org\/wiki\/Oudgrieks\">Oudgrieks<\/a>:\u00a0\u1f00\u03b3\u03ac\u03c0\u03b7, is een Grieks woord, dat in het\u00a0<a href=\"https:\/\/nl.wikipedia.org\/wiki\/Nederlands\">Nederlands<\/a>\u00a0vaak met &#8216;<a href=\"https:\/\/nl.wikipedia.org\/wiki\/Liefde\">liefde<\/a>&#8216; wordt vertaald.<\/p>\n<p>Dit wordt vaak gezien als een verarming van het woord in zijn volledige betekenis. Met\u00a0<em>a&#8217;ga\u00b7pe<\/em>\u00a0wordt een door beginselen geleide of beheerste liefde bedoeld. Ze kan al dan niet genegenheid en warme gevoelens inhouden. Deze liefde richt zich op de behoeften van de ander, zoekt wat het beste voor de ander is en laat de ander de vrije keus om die liefde te beantwoorden of niet.<\/p>\n<\/td>\n<\/tr>\n<\/tbody>\n<\/table>\n\n<h5><strong>Agape<\/strong>-liefde is onbaatzuchtige, opofferende, onvoorwaardelijke liefde. Het is de hoogste van de vier soorten liefde die wij kennen naast Eros, Filia en Storg\u00e9.<\/h5>\n<h3>Er is in het universum voor fysieke wezens geen hogere, gelukkiger, schonere en harmonieuzere beschaving dan een die op Agape, liefdevolle DTT, draait. De geld gedreven Rupsmens is niet in staat zo een hoge beschaving te cre\u00ebren.<\/h3>\n\n\n<figure class=\"wp-block-image size-large is-resized\"><img fetchpriority=\"high\" decoding=\"async\" width=\"1024\" height=\"451\" src=\"https:\/\/edenisme.nl\/blog\/wp-content\/uploads\/2025\/02\/Diploma-Hat-DTTISWEAA-1024x451.png\" alt=\"\" class=\"wp-image-1990\" style=\"width:1184px;height:auto\" srcset=\"https:\/\/edenisme.nl\/blog\/wp-content\/uploads\/2025\/02\/Diploma-Hat-DTTISWEAA-1024x451.png 1024w, https:\/\/edenisme.nl\/blog\/wp-content\/uploads\/2025\/02\/Diploma-Hat-DTTISWEAA-480x211.png 480w, https:\/\/edenisme.nl\/blog\/wp-content\/uploads\/2025\/02\/Diploma-Hat-DTTISWEAA-2000x880.png 2000w, https:\/\/edenisme.nl\/blog\/wp-content\/uploads\/2025\/02\/Diploma-Hat-DTTISWEAA.png 2041w\" sizes=\"(max-width: 1024px) 100vw, 1024px\" \/><\/figure>\n\n\n<p><strong>E\u00e9n Agapee is 4 uur DTT. Dus met 4 Agapee heeft men met zijn\/haar talenten twee dagen voorzien in behoeften van de samenleving. Hiermee voldoet men aan de vrijwillige belofte aan de Paradijssamenleving om constructief bij te dragen.<\/strong><\/p>\n<p>Door doneren van <strong>vier<\/strong> Agapee per week, of meer indien men dit wenst, leeft men een fladderend gratuite bestaan. Leven en beleven de eeuwige droom van de mensheid: leven in een paradijs op aarde. Edenisme is EdenisWE. Zo worden wij uiteindelijk allen <strong><em>multisufficionair.<\/em><\/strong><\/p>\n<p><strong><em>&#8221; De sleutel tot een paradijs op aarde is al eeuwen verborgen in de mens, is (de liefde) in ons mensen.&#8221; Zo simpel is het.<\/em><\/strong><\/p>\n<p><strong><em>Multisufficionair<\/em><\/strong> door twee dagen per week DTTen. Stel je voor dat je gratis woont en alles gratis kan doen en halen, wat in je opkomt: massage, theater, boottocht, restaurant, naar een pretpark. Vrij, echt vrij van elke zorg of angst voor criminaliteit of zorgen voor tekorten van morgen of rekeningen maar met gezonde zelfdiscipline en zelfbeheersing. <strong>Imagine the ButterflySociety<\/strong>. <em>Een leven eindelijk vanuit werkelijke innerlijke vrede, geluk en rust want de gehele wereld is in vrede, geluk en rust. Medemogelijk gemaakt door jou en mij. Edenis We.<\/em><\/p>\n<p><strong><em>Agapee<\/em><\/strong> is een onuitputtelijke bron van gratis, schone en zuivere energie, vergelijkbaar met water- en zonne-energie, waar de samenleving op draait. Het enige dat wij hoeven doen (middels Bovenwijs) deze bron aanboren en koesterend cultiveren. Geld is ook energie maar dan een zwaar vervuilende en giftige bron van energie, vergelijkbaar met steenkool en zwaar vervuilende stookolie.<\/p>\n<p><strong>Leven in Edenisme op basis van DTT: <\/strong>2\/3 dagen pro Deo DTT in de paradijseconomie om daarna 5\/4 dagen p\/wk vrij om gratuite te leven, eten, genieten, wandelen, spelen, cre\u00ebren, mediteren, sporten. Leven en beleven de eeuwige droom van de mensheid. Bestaan en leven alsof je in een groot pretpark woont, gezamenlijk gebouwd en draaiende gehouden door Vlindermensen in harmonie met de natuur. En uit verveling en zingeving na 4\/5 dagen genieten en rusten weer blij om met Agapee bijdragen te kunnen geven aan de Paradijssamenleving.<\/p>\n<p><strong>DTTen van de Vlinder.<\/strong> De Volwassen rups, de Vlinder, deelt haar tijd en talent met de bloemen om ze de wereld mooier te maken door bestuiven en vermeerderen van bloemen. De Bloem deelt haar nectar met de Vlinder. Door te blij en liefdevol te DTTen met elkaar kunnen zij elkaar oneindig in stand houden. Het is een van de mooiste voorbeelden van delen van tijd en talent tussen twee van de prachtigste creaties die zo de wereld verblijden en rijker maken.<\/p>\n<p><em><strong>Multisufficionair is een vlindermens die door te DTTen in de geldledige gratuite maatschappij een bestaan heeft vergelijkbaar met een rupstijdperk geld miljonair.<\/strong> In ieder geval gratuite meer dan voldoende in basisbehoeften voorzien is en met zelfbeheersing en zelfdiscipline gratis toegang heeft tot alles wat een mens gezond, wijzer, gelukkig en blij maakt. Zorgeloos van geboorte, bovenwijs, wonen, kleding, voeding, ontspanning en ontwikkeling tot aan de uitvaart. Alles is Gratis. Leven zonder enige angst voor tekorten van morgen. Dat is het Vlindermensen bestaan. Mogelijk gemaakt door mens en natuur. Door dit dartelende en fladderende bestaan zal de mens geestelijk en fysiek van nature 50% gezonder zijn dan de angstige en stressvolle geldrupsmens.<\/em><\/p>\n<p><strong>Door 2 dagen DTTen:\u00a0 Van leven in stressvolle altijd schuldenmaatschappij van schaarste naar leven in zorgeloze altijd tegoedmaatschappij van overvloed.<\/strong><\/p>\n<p><em><strong>De Laag bewuste puberale rupsmens heeft primitieve betaalmiddelen zoals geld, zout, schelpen, bitcoin of andere fysieke middel buiten de mens nodig om in beweging te komen, te werken, deelnemen aan en voorzien in behoeften van maatschappij en medemens.<\/strong><\/em><\/p>\n<h2><strong>\u00a0Salaris. Zout als betaalmiddel! Werken voor zout!<\/strong><\/h2>\n<h3><strong>Het Latijnse woord <em>salarium<\/em> betekent salaris of zoutrantsoen of zoutstaaf. Dit komt omdat ze zout vroeger gebruikten als betaal- en ruilmiddel. De Romeinen betaalden bijvoorbeeld de soldaten en ambtenaren met zout.\u00a0 \u00a0 \u00a0 \u00a0 \u00a0 \u00a0 \u00a0 \u00a0 \u00a0 \u00a0 \u00a0 \u00a0 \u00a0 \u00a0 \u00a0 \u00a0 \u00a0 \u00a0 \u00a0 \u00a0 \u00a0 \u00a0 \u00a0 \u00a0 \u00a0 \u00a0 \u00a0 \u00a0 \u00a0 Zout werd toen het \u2018witte goud\u2019 genoemd omdat je met zout het eten langer kon bewaren.<\/strong><\/h3>\n<p>Men ging er toen vanuit of werd geleerd dat zout heel schaars en zeldzaam was. En het waard was om voor te sterven. Inmiddels weten wij 2000 jaar later dat zout toen en nu in onmetelijke hoeveelheden is op aarde. Kan jij je voorstellen dat jij nu elke maand wordt uitbetaalt met enkele kilo\u2019s zout? Of nog erger dat soldaten en huurlingen de oorlog in Oekra\u00efne ingingen en stierven voor enkele balen zout?! Net zo gek en ongelofelijk als wij dit nu vinden zo absurd en idioot zullen de toekomstige Vlindermensen het vinden dat wij voor geld, papier, werkten en zelfs ervoor doodgingen en de natuur vernietigden. De Nectar etende Vlinder kan het zich ook niet voorstellen dat zij vroeger bezeten was met bladeren. En net als de rups(mens) dacht dat een bestaan zonder bladeren (geld) ondenkbaar en onmogelijk was. De nectar (liefde) consumerende Vlinder weet nu beter.<\/p>\n\n\n<pre class=\"wp-block-preformatted\"><strong>Geld, cryptovaluta, zout of schelp<\/strong> hebben alleen hier op aarde (in de rupstijdperk) waarde, deze meenemen naar de maan of andere planeet is zinloos. Liefde, Agape, is in het gehele universum van waarde en is universeel meteen toepasbaar en bruikbaar. Zelfs op eventueel andere bewoonde planeten heeft Agape waarde. Agape is kostbaarder en zeldzamer dan goud en diamant in het universum, deze zijn overvloedig aanwezig in het universum.  \n<\/pre>\n\n\n\n<h2 class=\"wp-block-heading\"> DTT is Altru\u00efsme uit gezond ego\u00efsme. In eigen belang en voordeel altru\u00efstisch zijn.     <\/h2>\n\n\n\n<p><strong>Door altru\u00efstisch te zijn, (DTT), wordt het leven van de Vlindermens rijker en zinvoller. (Kan een mens meer verlangen)?<\/strong> De zelfzuchtige Rupsmens kan van nature moeilijk delen. Geldrupsensysteem leert ook tot individueel en ego\u00efstisch denken. De altru\u00efstische Vlindermens wil van nature graag delen. Voor haar is delen vermenigvuldigen. Delen is verrijken en mooier maken de wereld, dus haar\/zijn eigen wereld en van haar (klein)kinderen.<\/p>\n\n\n\n<p>De Vlindermens is van nature deelzuchtig en altru\u00efstisch en dit zal per generatie toenemen. De vlindermens en maatschappij heeft geen valuta- of betaal boekhoudkundig systeem nodig. Zij denkt en functioneert op een hoger niveau van bewustzijn en doet vanzelf graag en met liefde wat gedaan moet worden om de paradijseconomie waarin zij leeft draaiende te houden. In de hogere vlinderbeschaving van wezens die op totaal ander niveau denken en naar het leven kijken is er alleen een administratie en planning van Agapee nodig om in te zetten waar en wanneer nodig. En een voorraad administratie voor aanvoer en bevoorrading van goederen.<\/p>\n\n\n\n<p><strong>Enkele generaties verder en men zal niet kunnen begrijpen, niet kunnen bevatten, dat de Rupsmens zo geobsedeerd aan het rennen en hollen was achter dat papier dat wij geld noemen en zoveel schade aanrichtte hiervoor aan zichzelf, medemensen en de natuur. En dat er zoveel industrie\u00ebn en sectoren daaraan verbonden en mee bezig waren. Waanzin ten top!<\/strong>                          <\/p>\n\n\n\n<blockquote class=\"wp-block-quote is-layout-flow wp-block-quote-is-layout-flow\">\n<p><strong>De mens zal pas vrij, echt vrij zijn wanneer zij niet voor, bij en boven alles wat zij wil doen eerst aan geld moet denken.<\/strong><\/p>\n\n\n\n<p><strong>Wie is de kroon van de schepping? Mens of geld? Zit geld op de troon en moet de mens buigen en bij alles wat zij doet toestemming vragen aan geld? De geldrupsmens is gaan geloven dat zij zonder geld niets kan want haar leven is onmogelijk gemaakt zonder geld te hebben.<\/strong><\/p>\n\n\n\n<p><strong>De mens is pas vrij, echt vrij, wanneer zij niet voor, bij en boven alles wat zij denkt of wil doen eerst aan geld moet denken. De mens is pas vrij als zij geheel vrij van alle druk in wijsheid en rust keuzes kan maken voor de toekomst van de mensheid.<\/strong> DTT maakt de mens Vrij.<\/p>\n<\/blockquote>\n\n\n\n<p><strong>DTTen van de Vlinder.<\/strong> De Volwassen rups, de Vlinder, deelt haar tijd en talent met de bloemen om ze de wereld mooier te maken door bestuiven en vermeerderen van bloemen. De Bloem deelt haar nectar met de Vlinder. Door te blij en liefdevol te DTTen met elkaar kunnen zij elkaar oneindig in stand houden. Het is een van de mooiste voorbeelden van delen van tijd en talent tussen twee van de prachtigste creaties die zo de wereld verblijden en rijker maken.<\/p>\n\n\n\n<p><strong>De Verlichte volwassen rupsmens, de Vlindermens, vindt voldoening en drijfveer in de liefde in zichzelf en de blijdschap en geluk die zij vindt en ervaart in het geven en delen met medemensen en zo ziet blijer en mooier maken haar wereld. Zo dus helpt mede cre\u00ebren en leven in een paradijs op aarde. Zij heeft geen geld, zout of lagere vorm van energie of dwang of aansporing nodig om te doen. Zoals ouders geen geld of dwang nodig hebben om het beste te doen en laten voor hun (klein)kinderen. Agape.<\/strong><\/p>\n\n\n\n<ul class=\"wp-block-list\">\n<li><strong>Wanneer wij nu wezen<\/strong> mens oordelen als van nature slecht, hebzuchtig, kwaadaardig en geldzuchtig dan oordelen wij over de Rupsmens, de volwassen van nature tedere, altru\u00efstische en ontwapende Vlindermens die geen geld kent of hebzucht alleen DTT, kennen wij niet. Heeft zich nog niet mogen manifesteren. Zij kan zich alleen manifesteren in het geldledige.<\/li>\n<\/ul>\n\n\n<p><em><strong>Imagineer<\/strong> <strong>de huidige miljoenen misbruikte talenten<\/strong><\/em> in banen in de wapen- en oorlogsindustrie, banken en financi\u00eble sector, marketing en reclame, accountants en bedrijfsjuristen. Allemaal sectoren die niet meer nodig zijn en bestaan in AiG maatschappij. En al deze talenten die na bewustzijnsverwisseling nu dan Pro Deo willen DTTen om de wereld vrediger, mooier, gezonder en gelukkiger te maken. Imagine<\/p>\n<p>Op globaal niveau zullen wij vanuit het principe: de aarde en al haar goud, diamant, aardolie en alle natuurlijke rijkdommen en hulpbronnen zijn van niemand en iedereen. Zo is ook alle kennis en wetenschap en technologie voor iedereen en van niemand. Olie in Nigeria of Venezuela is niet van henzelf maar van en voor de gehele wereld. Goud ergens in Zuid-Amerika is van en voor alle mensen, zo ook kennis in Europa.<\/p>\n<p><strong>De Misbruikte talenten<\/strong> in bijvoorbeeld banken-, financi\u00eble sector en wapenindustrie die de <strong>bewustzijnsverwisseling<\/strong> <strong>naar hoger pro deo positief en<\/strong> constructief denken hebben gemaakt kunnen een planetair systeem bedenken en opzetten van behoefte, voorraad, verdeling en distributie van wat de natuur ons geschonken heeft.<\/p>","protected":false},"excerpt":{"rendered":"<p>AGAPEE is de naam van het \u2018betaal\u2019middel of \u2018valuta\u2019 in het Edenisme: de Agapee of ProDeo \u2018munt\u2019. De Agapee is geen fysieke munt maar de liefde in de mens omgezet in DTT (Delen van Tijd en Talent). Pro Deo DTTen brengt in harmonie met medemens en het ecologisch systeem gezonde en harmonieuze welvaart, geluk en &hellip; <\/p>\n<p class=\"link-more\"><a href=\"https:\/\/edenisme.nl\/blog\/agapee-dtt\/\" class=\"more-link\">Lees meer<span class=\"screen-reader-text\"> &#8220;Agapee Valuta&#8221;<\/span><\/a><\/p>\n","protected":false},"author":1,"featured_media":0,"parent":0,"menu_order":0,"comment_status":"closed","ping_status":"closed","template":"","meta":{"footnotes":""},"class_list":["post-1986","page","type-page","status-publish","hentry"],"_links":{"self":[{"href":"https:\/\/edenisme.nl\/blog\/wp-json\/wp\/v2\/pages\/1986","targetHints":{"allow":["GET"]}}],"collection":[{"href":"https:\/\/edenisme.nl\/blog\/wp-json\/wp\/v2\/pages"}],"about":[{"href":"https:\/\/edenisme.nl\/blog\/wp-json\/wp\/v2\/types\/page"}],"author":[{"embeddable":true,"href":"https:\/\/edenisme.nl\/blog\/wp-json\/wp\/v2\/users\/1"}],"replies":[{"embeddable":true,"href":"https:\/\/edenisme.nl\/blog\/wp-json\/wp\/v2\/comments?post=1986"}],"version-history":[{"count":4,"href":"https:\/\/edenisme.nl\/blog\/wp-json\/wp\/v2\/pages\/1986\/revisions"}],"predecessor-version":[{"id":2002,"href":"https:\/\/edenisme.nl\/blog\/wp-json\/wp\/v2\/pages\/1986\/revisions\/2002"}],"wp:attachment":[{"href":"https:\/\/edenisme.nl\/blog\/wp-json\/wp\/v2\/media?parent=1986"}],"curies":[{"name":"wp","href":"https:\/\/api.w.org\/{rel}","templated":true}]}}